{"id":704,"date":"2025-11-25T17:46:06","date_gmt":"2025-11-25T17:46:06","guid":{"rendered":"https:\/\/salmon-ferret-788238.hostingersite.com\/?page_id=704"},"modified":"2025-11-28T22:46:21","modified_gmt":"2025-11-28T22:46:21","slug":"politicaresumida","status":"publish","type":"page","link":"https:\/\/www.arquivosdoc.com.br\/home\/politicaresumida\/","title":{"rendered":"Politicaresumida"},"content":{"rendered":"\t\t<div data-elementor-type=\"wp-page\" data-elementor-id=\"704\" class=\"elementor elementor-704\" data-elementor-post-type=\"page\">\n\t\t\t\t<div class=\"elementor-element elementor-element-fc621d2 e-flex e-con-boxed e-con e-parent\" data-id=\"fc621d2\" data-element_type=\"container\">\n\t\t\t\t\t<div class=\"e-con-inner\">\n\t\t\t\t<div class=\"elementor-element elementor-element-a58d699 elementor-widget elementor-widget-heading\" data-id=\"a58d699\" data-element_type=\"widget\" data-widget_type=\"heading.default\">\n\t\t\t\t\t<h2 class=\"elementor-heading-title elementor-size-default\">\u00daltima Atualiza\u00e7\u00e3o 10\/03\/2025<\/h2>\t\t\t\t<\/div>\n\t\t\t\t\t<\/div>\n\t\t\t\t<\/div>\n\t\t<div class=\"elementor-element elementor-element-04546d7 e-flex e-con-boxed e-con e-parent\" data-id=\"04546d7\" data-element_type=\"container\">\n\t\t\t\t\t<div class=\"e-con-inner\">\n\t\t\t\t<div class=\"elementor-element elementor-element-a98abcc elementor-widget elementor-widget-heading\" data-id=\"a98abcc\" data-element_type=\"widget\" data-widget_type=\"heading.default\">\n\t\t\t\t\t<h2 class=\"elementor-heading-title elementor-size-default\">O que precisamos de voc\u00ea?<\/h2>\t\t\t\t<\/div>\n\t\t\t\t\t<\/div>\n\t\t\t\t<\/div>\n\t\t<div class=\"elementor-element elementor-element-d8cbdac e-flex e-con-boxed e-con e-parent\" data-id=\"d8cbdac\" data-element_type=\"container\">\n\t\t\t\t\t<div class=\"e-con-inner\">\n\t\t\t\t<div class=\"elementor-element elementor-element-70cce07 elementor-widget elementor-widget-heading\" data-id=\"70cce07\" data-element_type=\"widget\" data-widget_type=\"heading.default\">\n\t\t\t\t\t<h2 class=\"elementor-heading-title elementor-size-default\">Arquivos  Gest\u00e3o Documental Ltda-ME \u00e9 um Controlador dos dados pessoais que voc\u00ea nos fornece. Coletamos os seguintes tipos de dados pessoais de voc\u00ea: Nome, telefone, e-mail e nome da empresa.<\/h2>\t\t\t\t<\/div>\n\t\t\t\t\t<\/div>\n\t\t\t\t<\/div>\n\t\t<div class=\"elementor-element elementor-element-8487154 e-flex e-con-boxed e-con e-parent\" data-id=\"8487154\" data-element_type=\"container\">\n\t\t\t\t\t<div class=\"e-con-inner\">\n\t\t\t\t<div class=\"elementor-element elementor-element-0dbc6ec elementor-widget elementor-widget-heading\" data-id=\"0dbc6ec\" data-element_type=\"widget\" data-widget_type=\"heading.default\">\n\t\t\t\t\t<h2 class=\"elementor-heading-title elementor-size-default\">Por que precisamos destes dados?<\/h2>\t\t\t\t<\/div>\n\t\t\t\t\t<\/div>\n\t\t\t\t<\/div>\n\t\t<div class=\"elementor-element elementor-element-699f0ab e-flex e-con-boxed e-con e-parent\" data-id=\"699f0ab\" data-element_type=\"container\">\n\t\t\t\t\t<div class=\"e-con-inner\">\n\t\t\t\t<div class=\"elementor-element elementor-element-5036753 elementor-widget elementor-widget-heading\" data-id=\"5036753\" data-element_type=\"widget\" data-widget_type=\"heading.default\">\n\t\t\t\t\t<h2 class=\"elementor-heading-title elementor-size-default\">Precisamos de seus dados pessoais para haja o retorno comercial de nossa empresa em resposta ao seu interesse pelos nossos servi\u00e7os.<\/h2>\t\t\t\t<\/div>\n\t\t\t\t\t<\/div>\n\t\t\t\t<\/div>\n\t\t<div class=\"elementor-element elementor-element-9c36af5 e-flex e-con-boxed e-con e-parent\" data-id=\"9c36af5\" data-element_type=\"container\">\n\t\t\t\t\t<div class=\"e-con-inner\">\n\t\t\t\t<div class=\"elementor-element elementor-element-dedbec2 elementor-widget elementor-widget-heading\" data-id=\"dedbec2\" data-element_type=\"widget\" data-widget_type=\"heading.default\">\n\t\t\t\t\t<h2 class=\"elementor-heading-title elementor-size-default\">O que fazemos com seus dados?<\/h2>\t\t\t\t<\/div>\n\t\t\t\t\t<\/div>\n\t\t\t\t<\/div>\n\t\t<div class=\"elementor-element elementor-element-fcbf4e5 e-flex e-con-boxed e-con e-parent\" data-id=\"fcbf4e5\" data-element_type=\"container\">\n\t\t\t\t\t<div class=\"e-con-inner\">\n\t\t\t\t<div class=\"elementor-element elementor-element-2ef0a2f elementor-widget elementor-widget-heading\" data-id=\"2ef0a2f\" data-element_type=\"widget\" data-widget_type=\"heading.default\">\n\t\t\t\t\t<h2 class=\"elementor-heading-title elementor-size-default\">Seus dados pessoais s\u00e3o tratados no Brasil. A hospedagem e o armazenamento de seus dados ocorrem pelo hostgator que est\u00e1 localizado nos Estados Unidos.https:\/\/www.hostgator.com.br\/politica-de-privacidade. Nenhum fornecedor terceirizado tem acesso aos seus dados, a menos que especificamente exigido por lei.<\/h2>\t\t\t\t<\/div>\n\t\t\t\t\t<\/div>\n\t\t\t\t<\/div>\n\t\t<div class=\"elementor-element elementor-element-048f008 e-flex e-con-boxed e-con e-parent\" data-id=\"048f008\" data-element_type=\"container\">\n\t\t\t\t\t<div class=\"e-con-inner\">\n\t\t\t\t<div class=\"elementor-element elementor-element-2ea38e6 elementor-widget elementor-widget-heading\" data-id=\"2ea38e6\" data-element_type=\"widget\" data-widget_type=\"heading.default\">\n\t\t\t\t\t<h2 class=\"elementor-heading-title elementor-size-default\">Por quanto tempo n\u00f3s mantemos seus dados pessoais?<\/h2>\t\t\t\t<\/div>\n\t\t\t\t\t<\/div>\n\t\t\t\t<\/div>\n\t\t<div class=\"elementor-element elementor-element-0be5679 e-flex e-con-boxed e-con e-parent\" data-id=\"0be5679\" data-element_type=\"container\">\n\t\t\t\t\t<div class=\"e-con-inner\">\n\t\t\t\t<div class=\"elementor-element elementor-element-c00df8c elementor-widget elementor-widget-heading\" data-id=\"c00df8c\" data-element_type=\"widget\" data-widget_type=\"heading.default\">\n\t\t\t\t\t<h2 class=\"elementor-heading-title elementor-size-default\">De acordo com a nossa Pol\u00edtica de Reten\u00e7\u00e3o de Dados, os dados informados no fale conosco s\u00e3o armazenados pelo per\u00edodo de 6 (seis) meses. Ap\u00f3s esse per\u00edodo, seus dados pessoais ser\u00e3o irreversivelmente destru\u00eddos. Caso almeje a n\u00e3o guarda dos seus dados durante o per\u00edodo de Reten\u00e7\u00e3o de Dados com nossa empresa pode contatar-nos solicitando a exclus\u00e3o.<\/h2>\t\t\t\t<\/div>\n\t\t\t\t\t<\/div>\n\t\t\t\t<\/div>\n\t\t<div class=\"elementor-element elementor-element-d614aaa e-flex e-con-boxed e-con e-parent\" data-id=\"d614aaa\" data-element_type=\"container\">\n\t\t\t\t\t<div class=\"e-con-inner\">\n\t\t\t\t<div class=\"elementor-element elementor-element-03ac09c elementor-widget elementor-widget-heading\" data-id=\"03ac09c\" data-element_type=\"widget\" data-widget_type=\"heading.default\">\n\t\t\t\t\t<h2 class=\"elementor-heading-title elementor-size-default\">Se voc\u00ea editar ou publicar um artigo, um cookie adicional ser\u00e1 salvo no seu navegador. Este cookie n\u00e3o inclui nenhum dado pessoal e simplesmente indica o ID do post referente ao artigo que voc\u00ea acabou de editar. Ele expira depois de 1 dia.<\/h2>\t\t\t\t<\/div>\n\t\t\t\t\t<\/div>\n\t\t\t\t<\/div>\n\t\t<div class=\"elementor-element elementor-element-dd021b9 e-flex e-con-boxed e-con e-parent\" data-id=\"dd021b9\" data-element_type=\"container\">\n\t\t\t\t\t<div class=\"e-con-inner\">\n\t\t\t\t<div class=\"elementor-element elementor-element-9ba6760 elementor-widget elementor-widget-heading\" data-id=\"9ba6760\" data-element_type=\"widget\" data-widget_type=\"heading.default\">\n\t\t\t\t\t<h2 class=\"elementor-heading-title elementor-size-default\">Quais s\u00e3o os seus direitos?<\/h2>\t\t\t\t<\/div>\n\t\t\t\t\t<\/div>\n\t\t\t\t<\/div>\n\t\t<div class=\"elementor-element elementor-element-0e235fb e-flex e-con-boxed e-con e-parent\" data-id=\"0e235fb\" data-element_type=\"container\">\n\t\t\t\t\t<div class=\"e-con-inner\">\n\t\t\t\t<div class=\"elementor-element elementor-element-abfdc72 elementor-widget elementor-widget-heading\" data-id=\"abfdc72\" data-element_type=\"widget\" data-widget_type=\"heading.default\">\n\t\t\t\t\t<h2 class=\"elementor-heading-title elementor-size-default\">Artigos neste site podem incluir conte\u00fado incorporado como, por exemplo, v\u00eddeos, imagens, artigos, etc. Conte\u00fados incorporados de outros sites se comportam exatamente da mesma forma como se o visitante estivesse visitando o outro site.<\/h2>\t\t\t\t<\/div>\n\t\t\t\t\t<\/div>\n\t\t\t\t<\/div>\n\t\t<div class=\"elementor-element elementor-element-e9f0a88 e-flex e-con-boxed e-con e-parent\" data-id=\"e9f0a88\" data-element_type=\"container\">\n\t\t\t\t\t<div class=\"e-con-inner\">\n\t\t\t\t<div class=\"elementor-element elementor-element-26f815d elementor-widget elementor-widget-heading\" data-id=\"26f815d\" data-element_type=\"widget\" data-widget_type=\"heading.default\">\n\t\t\t\t\t<h2 class=\"elementor-heading-title elementor-size-default\">Estes sites podem coletar dados sobre voc\u00ea, usar cookies, incorporar rastreamento adicional de terceiros e monitorar sua intera\u00e7\u00e3o com este conte\u00fado incorporado, incluindo sua intera\u00e7\u00e3o com o conte\u00fado incorporado se voc\u00ea tem uma conta e est\u00e1 conectado com o site.<\/h2>\t\t\t\t<\/div>\n\t\t\t\t\t<\/div>\n\t\t\t\t<\/div>\n\t\t<div class=\"elementor-element elementor-element-4a42bac e-flex e-con-boxed e-con e-parent\" data-id=\"4a42bac\" data-element_type=\"container\">\n\t\t\t\t\t<div class=\"e-con-inner\">\n\t\t\t\t<div class=\"elementor-element elementor-element-cf36a48 elementor-widget elementor-widget-heading\" data-id=\"cf36a48\" data-element_type=\"widget\" data-widget_type=\"heading.default\">\n\t\t\t\t\t<h2 class=\"elementor-heading-title elementor-size-default\">Com quem partilhamos seus dados<\/h2>\t\t\t\t<\/div>\n\t\t\t\t\t<\/div>\n\t\t\t\t<\/div>\n\t\t<div class=\"elementor-element elementor-element-ea03816 e-flex e-con-boxed e-con e-parent\" data-id=\"ea03816\" data-element_type=\"container\">\n\t\t\t\t\t<div class=\"e-con-inner\">\n\t\t\t\t<div class=\"elementor-element elementor-element-d5ebd48 elementor-widget elementor-widget-heading\" data-id=\"d5ebd48\" data-element_type=\"widget\" data-widget_type=\"heading.default\">\n\t\t\t\t\t<h2 class=\"elementor-heading-title elementor-size-default\">Se voc\u00ea solicitar uma redefini\u00e7\u00e3o de senha, seu endere\u00e7o de IP ser\u00e1 inclu\u00eddo no e-mail de redefini\u00e7\u00e3o de senha.<\/h2>\t\t\t\t<\/div>\n\t\t\t\t\t<\/div>\n\t\t\t\t<\/div>\n\t\t<div class=\"elementor-element elementor-element-eea3f39 e-flex e-con-boxed e-con e-parent\" data-id=\"eea3f39\" data-element_type=\"container\">\n\t\t\t\t\t<div class=\"e-con-inner\">\n\t\t\t\t<div class=\"elementor-element elementor-element-f19f5ab elementor-widget elementor-widget-heading\" data-id=\"f19f5ab\" data-element_type=\"widget\" data-widget_type=\"heading.default\">\n\t\t\t\t\t<h2 class=\"elementor-heading-title elementor-size-default\">Por quanto tempo mantemos os seus dados<\/h2>\t\t\t\t<\/div>\n\t\t\t\t\t<\/div>\n\t\t\t\t<\/div>\n\t\t<div class=\"elementor-element elementor-element-a07255e e-flex e-con-boxed e-con e-parent\" data-id=\"a07255e\" data-element_type=\"container\">\n\t\t\t\t\t<div class=\"e-con-inner\">\n\t\t\t\t<div class=\"elementor-element elementor-element-6fb00ce elementor-widget elementor-widget-heading\" data-id=\"6fb00ce\" data-element_type=\"widget\" data-widget_type=\"heading.default\">\n\t\t\t\t\t<h2 class=\"elementor-heading-title elementor-size-default\">Se voc\u00ea deixar um coment\u00e1rio, o coment\u00e1rio e os seus metadados s\u00e3o conservados indefinidamente. Fazemos isso para que seja poss\u00edvel reconhecer e aprovar automaticamente qualquer coment\u00e1rio posterior ao inv\u00e9s de ret\u00ea-lo para modera\u00e7\u00e3o.<\/h2>\t\t\t\t<\/div>\n\t\t\t\t\t<\/div>\n\t\t\t\t<\/div>\n\t\t<div class=\"elementor-element elementor-element-2c39929 e-flex e-con-boxed e-con e-parent\" data-id=\"2c39929\" data-element_type=\"container\">\n\t\t\t\t\t<div class=\"e-con-inner\">\n\t\t\t\t<div class=\"elementor-element elementor-element-236fed8 elementor-widget elementor-widget-heading\" data-id=\"236fed8\" data-element_type=\"widget\" data-widget_type=\"heading.default\">\n\t\t\t\t\t<h2 class=\"elementor-heading-title elementor-size-default\">Para usu\u00e1rios que se registram no nosso site (se houver), tamb\u00e9m guardamos as informa\u00e7\u00f5es pessoais que fornecem no seu perfil de usu\u00e1rio. Todos os usu\u00e1rios podem ver, editar ou excluir suas informa\u00e7\u00f5es pessoais a qualquer momento (s\u00f3 n\u00e3o \u00e9 poss\u00edvel alterar o seu username). Os administradores de sites tamb\u00e9m podem ver e editar estas informa\u00e7\u00f5es.<\/h2>\t\t\t\t<\/div>\n\t\t\t\t\t<\/div>\n\t\t\t\t<\/div>\n\t\t<div class=\"elementor-element elementor-element-bc8eeb3 e-flex e-con-boxed e-con e-parent\" data-id=\"bc8eeb3\" data-element_type=\"container\">\n\t\t\t\t\t<div class=\"e-con-inner\">\n\t\t\t\t<div class=\"elementor-element elementor-element-61ca6c3 elementor-widget elementor-widget-heading\" data-id=\"61ca6c3\" data-element_type=\"widget\" data-widget_type=\"heading.default\">\n\t\t\t\t\t<h2 class=\"elementor-heading-title elementor-size-default\">Quais os seus direitos sobre seus dados<\/h2>\t\t\t\t<\/div>\n\t\t\t\t\t<\/div>\n\t\t\t\t<\/div>\n\t\t<div class=\"elementor-element elementor-element-b731151 e-flex e-con-boxed e-con e-parent\" data-id=\"b731151\" data-element_type=\"container\">\n\t\t\t\t\t<div class=\"e-con-inner\">\n\t\t\t\t<div class=\"elementor-element elementor-element-cdc8b3f elementor-widget elementor-widget-heading\" data-id=\"cdc8b3f\" data-element_type=\"widget\" data-widget_type=\"heading.default\">\n\t\t\t\t\t<h2 class=\"elementor-heading-title elementor-size-default\">Se voc\u00ea acredita que qualquer dado pessoal que guardamos sobre voc\u00ea est\u00e1 incorreto ou incompleto, voc\u00ea tem o direito de confirmar a situa\u00e7\u00e3o atual, corrigi-los ou t\u00ea-los exclu\u00eddos. Entre em contato conosco por meio do Formul\u00e1rio de Solicita\u00e7\u00e3o de Acesso ao Titular de Dados https:\/\/www.arquivosdoc.com.br\/wordpress\/contato\/\n<\/h2>\t\t\t\t<\/div>\n\t\t\t\t\t<\/div>\n\t\t\t\t<\/div>\n\t\t<div class=\"elementor-element elementor-element-fd0c70d e-flex e-con-boxed e-con e-parent\" data-id=\"fd0c70d\" data-element_type=\"container\">\n\t\t\t\t\t<div class=\"e-con-inner\">\n\t\t\t\t<div class=\"elementor-element elementor-element-86b49fb elementor-widget elementor-widget-heading\" data-id=\"86b49fb\" data-element_type=\"widget\" data-widget_type=\"heading.default\">\n\t\t\t\t\t<h2 class=\"elementor-heading-title elementor-size-default\">Caso voc\u00ea deseje reclamar sobre como tratamos seus dados pessoais, entre em contato com a nossa Encarregada de Dados Marianne Paiva de Oliveira em arquivos.org.doc@gmail.com ou (24) 99963-2517 Nosso encarregada analisar\u00e1 sua reclama\u00e7\u00e3o e trabalhar\u00e1 com voc\u00ea para resolver o assunto. Se voc\u00ea ainda considerar que seus dados pessoais n\u00e3o foram tratados adequadamente de acordo com a lei, voc\u00ea pode entrar em contato com a ANPD \u2013 Autoridade Nacional de Prote\u00e7\u00e3o de Dados e registrar uma reclama\u00e7\u00e3o com eles. Para contatar a Autoridade de Controle visite o site https:\/\/www.gov.br\/anpd\/pt-br.<\/h2>\t\t\t\t<\/div>\n\t\t\t\t\t<\/div>\n\t\t\t\t<\/div>\n\t\t\t\t<\/div>\n\t\t","protected":false},"excerpt":{"rendered":"<p>\u00daltima Atualiza\u00e7\u00e3o 10\/03\/2025 O que precisamos de voc\u00ea? Arquivos Gest\u00e3o Documental Ltda-ME \u00e9 um Controlador dos dados pessoais que voc\u00ea nos fornece. Coletamos os seguintes tipos de dados pessoais de voc\u00ea: Nome, telefone, e-mail e nome da empresa. Por que precisamos destes dados? Precisamos de seus dados pessoais para haja o retorno comercial de nossa [&hellip;]<\/p>\n","protected":false},"author":1,"featured_media":0,"parent":0,"menu_order":0,"comment_status":"closed","ping_status":"closed","template":"","meta":{"footnotes":""},"class_list":["post-704","page","type-page","status-publish","hentry"],"_links":{"self":[{"href":"https:\/\/www.arquivosdoc.com.br\/home\/wp-json\/wp\/v2\/pages\/704","targetHints":{"allow":["GET"]}}],"collection":[{"href":"https:\/\/www.arquivosdoc.com.br\/home\/wp-json\/wp\/v2\/pages"}],"about":[{"href":"https:\/\/www.arquivosdoc.com.br\/home\/wp-json\/wp\/v2\/types\/page"}],"author":[{"embeddable":true,"href":"https:\/\/www.arquivosdoc.com.br\/home\/wp-json\/wp\/v2\/users\/1"}],"replies":[{"embeddable":true,"href":"https:\/\/www.arquivosdoc.com.br\/home\/wp-json\/wp\/v2\/comments?post=704"}],"version-history":[{"count":10,"href":"https:\/\/www.arquivosdoc.com.br\/home\/wp-json\/wp\/v2\/pages\/704\/revisions"}],"predecessor-version":[{"id":992,"href":"https:\/\/www.arquivosdoc.com.br\/home\/wp-json\/wp\/v2\/pages\/704\/revisions\/992"}],"wp:attachment":[{"href":"https:\/\/www.arquivosdoc.com.br\/home\/wp-json\/wp\/v2\/media?parent=704"}],"curies":[{"name":"wp","href":"https:\/\/api.w.org\/{rel}","templated":true}]}}